{"id":1642,"date":"2026-01-30T13:01:19","date_gmt":"2026-01-30T13:01:19","guid":{"rendered":"https:\/\/gopst.io\/rewrite-with-ai\/"},"modified":"2026-02-13T19:36:49","modified_gmt":"2026-02-13T19:36:49","slug":"rewrite-with-ai","status":"publish","type":"page","link":"https:\/\/gopst.io\/en\/rewrite-with-ai\/","title":{"rendered":"Rewrite with AI"},"content":{"rendered":"\t\t<div data-elementor-type=\"wp-page\" data-elementor-id=\"1642\" class=\"elementor elementor-1642 elementor-1097\" data-elementor-post-type=\"page\">\n\t\t\t\t\t\t<section class=\"elementor-section elementor-top-section elementor-element elementor-element-47df87a elementor-section-boxed elementor-section-height-default elementor-section-height-default\" data-id=\"47df87a\" data-element_type=\"section\" data-e-type=\"section\" data-settings=\"{&quot;jet_parallax_layout_list&quot;:[],&quot;background_background&quot;:&quot;classic&quot;}\">\n\t\t\t\t\t\t<div class=\"elementor-container elementor-column-gap-default\">\n\t\t\t\t\t<div class=\"elementor-column elementor-col-100 elementor-top-column elementor-element elementor-element-38050a3\" data-id=\"38050a3\" data-element_type=\"column\" data-e-type=\"column\" data-settings=\"{&quot;background_background&quot;:&quot;classic&quot;}\">\n\t\t\t<div class=\"elementor-widget-wrap elementor-element-populated\">\n\t\t\t\t\t\t<div class=\"elementor-element elementor-element-8e707dc elementor-widget elementor-widget-text-editor\" data-id=\"8e707dc\" data-element_type=\"widget\" data-e-type=\"widget\" data-widget_type=\"text-editor.default\">\n\t\t\t\t\t\t\t\t\t<p>Prospecting<\/p><p>personalized at scale<\/p>\t\t\t\t\t\t\t\t<\/div>\n\t\t\t\t<div class=\"elementor-element elementor-element-fe2ef24 elementor-widget elementor-widget-text-editor\" data-id=\"fe2ef24\" data-element_type=\"widget\" data-e-type=\"widget\" data-widget_type=\"text-editor.default\">\n\t\t\t\t\t\t\t\t\t<p data-pm-slice=\"0 0 []\">The AI-powered sales orchestration platform for B2B sales teams<\/p><p data-pm-slice=\"0 0 []\">Transform your sales strategy with GOP!<\/p>\t\t\t\t\t\t\t\t<\/div>\n\t\t\t\t<div class=\"elementor-element elementor-element-9c7e73a elementor-widget elementor-widget-image\" data-id=\"9c7e73a\" data-element_type=\"widget\" data-e-type=\"widget\" data-widget_type=\"image.default\">\n\t\t\t\t\t\t\t\t\t\t\t\t\t\t\t<img fetchpriority=\"high\" decoding=\"async\" width=\"2048\" height=\"1046\" src=\"https:\/\/gopst.io\/wp-content\/uploads\/2026\/01\/2.jpg-1.png\" class=\"attachment-full size-full wp-image-1555\" alt=\"\" srcset=\"https:\/\/gopst.io\/wp-content\/uploads\/2026\/01\/2.jpg-1.png 2048w, https:\/\/gopst.io\/wp-content\/uploads\/2026\/01\/2.jpg-1-300x153.png 300w, https:\/\/gopst.io\/wp-content\/uploads\/2026\/01\/2.jpg-1-1024x523.png 1024w, https:\/\/gopst.io\/wp-content\/uploads\/2026\/01\/2.jpg-1-768x392.png 768w, https:\/\/gopst.io\/wp-content\/uploads\/2026\/01\/2.jpg-1-1536x785.png 1536w\" sizes=\"(max-width: 2048px) 100vw, 2048px\" \/>\t\t\t\t\t\t\t\t\t\t\t\t\t\t\t<\/div>\n\t\t\t\t\t<\/div>\n\t\t<\/div>\n\t\t\t\t\t<\/div>\n\t\t<\/section>\n\t\t\t\t<section class=\"elementor-section elementor-top-section elementor-element elementor-element-21d4374 elementor-reverse-tablet elementor-reverse-mobile elementor-section-boxed elementor-section-height-default elementor-section-height-default\" data-id=\"21d4374\" data-element_type=\"section\" data-e-type=\"section\" data-settings=\"{&quot;jet_parallax_layout_list&quot;:[]}\">\n\t\t\t\t\t\t<div class=\"elementor-container elementor-column-gap-default\">\n\t\t\t\t\t<div class=\"elementor-column elementor-col-50 elementor-top-column elementor-element elementor-element-828e795\" data-id=\"828e795\" data-element_type=\"column\" data-e-type=\"column\">\n\t\t\t<div class=\"elementor-widget-wrap elementor-element-populated\">\n\t\t\t\t\t\t<div class=\"elementor-element elementor-element-ff5b20c elementor-widget elementor-widget-image\" data-id=\"ff5b20c\" data-element_type=\"widget\" data-e-type=\"widget\" data-widget_type=\"image.default\">\n\t\t\t\t\t\t\t\t\t\t\t\t\t\t\t<img decoding=\"async\" width=\"1948\" height=\"1468\" src=\"https:\/\/gopst.io\/wp-content\/uploads\/2026\/01\/10-1.png\" class=\"attachment-full size-full wp-image-1650\" alt=\"\" srcset=\"https:\/\/gopst.io\/wp-content\/uploads\/2026\/01\/10-1.png 1948w, https:\/\/gopst.io\/wp-content\/uploads\/2026\/01\/10-1-300x226.png 300w, https:\/\/gopst.io\/wp-content\/uploads\/2026\/01\/10-1-1024x772.png 1024w, https:\/\/gopst.io\/wp-content\/uploads\/2026\/01\/10-1-768x579.png 768w, https:\/\/gopst.io\/wp-content\/uploads\/2026\/01\/10-1-1536x1158.png 1536w\" sizes=\"(max-width: 1948px) 100vw, 1948px\" \/>\t\t\t\t\t\t\t\t\t\t\t\t\t\t\t<\/div>\n\t\t\t\t\t<\/div>\n\t\t<\/div>\n\t\t\t\t<div class=\"elementor-column elementor-col-50 elementor-top-column elementor-element elementor-element-7c1b17f\" data-id=\"7c1b17f\" data-element_type=\"column\" data-e-type=\"column\">\n\t\t\t<div class=\"elementor-widget-wrap elementor-element-populated\">\n\t\t\t\t\t\t<div class=\"elementor-element elementor-element-1ebf85c elementor-widget elementor-widget-text-editor\" data-id=\"1ebf85c\" data-element_type=\"widget\" data-e-type=\"widget\" data-widget_type=\"text-editor.default\">\n\t\t\t\t\t\t\t\t\t<p data-pm-slice=\"0 0 []\">Create multichannel sequences with AI<\/p>\t\t\t\t\t\t\t\t<\/div>\n\t\t\t\t<div class=\"elementor-element elementor-element-ec719ae elementor-widget elementor-widget-text-editor\" data-id=\"ec719ae\" data-element_type=\"widget\" data-e-type=\"widget\" data-widget_type=\"text-editor.default\">\n\t\t\t\t\t\t\t\t\t<p>Choose your goals, target, and channels: GOP handles the rest. Launch high-performing campaigns in minutes, not hours.<\/p>\t\t\t\t\t\t\t\t<\/div>\n\t\t\t\t<div class=\"elementor-element elementor-element-abd6064 elementor-widget__width-inherit elementor-tablet-align-center elementor-mobile-align-center elementor-widget elementor-widget-button\" data-id=\"abd6064\" data-element_type=\"widget\" data-e-type=\"widget\" data-widget_type=\"button.default\">\n\t\t\t\t\t\t\t\t\t\t<a class=\"elementor-button elementor-button-link elementor-size-sm\" href=\"https:\/\/gopst.io\/en\/demo\/\">\n\t\t\t\t\t\t<span class=\"elementor-button-content-wrapper\">\n\t\t\t\t\t\t\t\t\t<span class=\"elementor-button-text\">Learn more<\/span>\n\t\t\t\t\t<\/span>\n\t\t\t\t\t<\/a>\n\t\t\t\t\t\t\t\t<\/div>\n\t\t\t\t\t<\/div>\n\t\t<\/div>\n\t\t\t\t\t<\/div>\n\t\t<\/section>\n\t\t\t\t<section class=\"elementor-section elementor-top-section elementor-element elementor-element-258007b elementor-section-boxed elementor-section-height-default elementor-section-height-default\" data-id=\"258007b\" data-element_type=\"section\" data-e-type=\"section\" data-settings=\"{&quot;jet_parallax_layout_list&quot;:[],&quot;background_background&quot;:&quot;classic&quot;}\">\n\t\t\t\t\t\t<div class=\"elementor-container elementor-column-gap-default\">\n\t\t\t\t\t<div class=\"elementor-column elementor-col-50 elementor-top-column elementor-element elementor-element-9eb69f9\" data-id=\"9eb69f9\" data-element_type=\"column\" data-e-type=\"column\">\n\t\t\t<div class=\"elementor-widget-wrap elementor-element-populated\">\n\t\t\t\t\t\t<div class=\"elementor-element elementor-element-3c6dead elementor-widget elementor-widget-text-editor\" data-id=\"3c6dead\" data-element_type=\"widget\" data-e-type=\"widget\" data-widget_type=\"text-editor.default\">\n\t\t\t\t\t\t\t\t\t<p>Select insights for personalization at scale<\/p>\t\t\t\t\t\t\t\t<\/div>\n\t\t\t\t<div class=\"elementor-element elementor-element-1fd459c elementor-widget elementor-widget-text-editor\" data-id=\"1fd459c\" data-element_type=\"widget\" data-e-type=\"widget\" data-widget_type=\"text-editor.default\">\n\t\t\t\t\t\t\t\t\t<p>GOP identifies all key information about your leads directly within your sequences. Select the insights you want to mention and let AI personalize hundreds of messages automatically.<\/p>\t\t\t\t\t\t\t\t<\/div>\n\t\t\t\t\t<\/div>\n\t\t<\/div>\n\t\t\t\t<div class=\"elementor-column elementor-col-50 elementor-top-column elementor-element elementor-element-7c07a50\" data-id=\"7c07a50\" data-element_type=\"column\" data-e-type=\"column\">\n\t\t\t<div class=\"elementor-widget-wrap elementor-element-populated\">\n\t\t\t\t\t\t<div class=\"elementor-element elementor-element-05a05ac elementor-widget elementor-widget-image\" data-id=\"05a05ac\" data-element_type=\"widget\" data-e-type=\"widget\" data-widget_type=\"image.default\">\n\t\t\t\t\t\t\t\t\t\t\t\t\t\t\t<img decoding=\"async\" width=\"1950\" height=\"1725\" src=\"https:\/\/gopst.io\/wp-content\/uploads\/2026\/01\/fitres.png\" class=\"attachment-full size-full wp-image-1586\" alt=\"\" srcset=\"https:\/\/gopst.io\/wp-content\/uploads\/2026\/01\/fitres.png 1950w, https:\/\/gopst.io\/wp-content\/uploads\/2026\/01\/fitres-300x265.png 300w, https:\/\/gopst.io\/wp-content\/uploads\/2026\/01\/fitres-1024x906.png 1024w, https:\/\/gopst.io\/wp-content\/uploads\/2026\/01\/fitres-768x679.png 768w, https:\/\/gopst.io\/wp-content\/uploads\/2026\/01\/fitres-1536x1359.png 1536w\" sizes=\"(max-width: 1950px) 100vw, 1950px\" \/>\t\t\t\t\t\t\t\t\t\t\t\t\t\t\t<\/div>\n\t\t\t\t\t<\/div>\n\t\t<\/div>\n\t\t\t\t\t<\/div>\n\t\t<\/section>\n\t\t\t\t<section class=\"elementor-section elementor-top-section elementor-element elementor-element-c9b8330 elementor-reverse-tablet elementor-reverse-mobile elementor-section-boxed elementor-section-height-default elementor-section-height-default\" data-id=\"c9b8330\" data-element_type=\"section\" data-e-type=\"section\" data-settings=\"{&quot;jet_parallax_layout_list&quot;:[],&quot;background_background&quot;:&quot;classic&quot;}\">\n\t\t\t\t\t\t<div class=\"elementor-container elementor-column-gap-default\">\n\t\t\t\t\t<div class=\"elementor-column elementor-col-50 elementor-top-column elementor-element elementor-element-f953065\" data-id=\"f953065\" data-element_type=\"column\" data-e-type=\"column\">\n\t\t\t<div class=\"elementor-widget-wrap elementor-element-populated\">\n\t\t\t\t\t\t<div class=\"elementor-element elementor-element-56aeedb elementor-widget elementor-widget-image\" data-id=\"56aeedb\" data-element_type=\"widget\" data-e-type=\"widget\" data-widget_type=\"image.default\">\n\t\t\t\t\t\t\t\t\t\t\t\t\t\t\t<img loading=\"lazy\" decoding=\"async\" width=\"1196\" height=\"1160\" src=\"https:\/\/gopst.io\/wp-content\/uploads\/2026\/01\/image1-1.png\" class=\"attachment-full size-full wp-image-1651\" alt=\"\" srcset=\"https:\/\/gopst.io\/wp-content\/uploads\/2026\/01\/image1-1.png 1196w, https:\/\/gopst.io\/wp-content\/uploads\/2026\/01\/image1-1-300x291.png 300w, https:\/\/gopst.io\/wp-content\/uploads\/2026\/01\/image1-1-1024x993.png 1024w, https:\/\/gopst.io\/wp-content\/uploads\/2026\/01\/image1-1-768x745.png 768w\" sizes=\"(max-width: 1196px) 100vw, 1196px\" \/>\t\t\t\t\t\t\t\t\t\t\t\t\t\t\t<\/div>\n\t\t\t\t\t<\/div>\n\t\t<\/div>\n\t\t\t\t<div class=\"elementor-column elementor-col-50 elementor-top-column elementor-element elementor-element-a949a82\" data-id=\"a949a82\" data-element_type=\"column\" data-e-type=\"column\">\n\t\t\t<div class=\"elementor-widget-wrap elementor-element-populated\">\n\t\t\t\t\t\t<div class=\"elementor-element elementor-element-e215c31 elementor-widget elementor-widget-text-editor\" data-id=\"e215c31\" data-element_type=\"widget\" data-e-type=\"widget\" data-widget_type=\"text-editor.default\">\n\t\t\t\t\t\t\t\t\t<p>Tailored messages for all your leads<\/p>\t\t\t\t\t\t\t\t<\/div>\n\t\t\t\t<div class=\"elementor-element elementor-element-97424ab elementor-widget elementor-widget-text-editor\" data-id=\"97424ab\" data-element_type=\"widget\" data-e-type=\"widget\" data-widget_type=\"text-editor.default\">\n\t\t\t\t\t\t\t\t\t<p>With Rewrite with AI, personalize hundreds of messages simultaneously.<\/p><p>Transform generic messages into authentic, high-performing conversations, aligned with your leads&#8217; needs.<\/p>\t\t\t\t\t\t\t\t<\/div>\n\t\t\t\t<div class=\"elementor-element elementor-element-d15dfc4 elementor-widget__width-inherit elementor-tablet-align-center elementor-widget-tablet__width-inherit elementor-mobile-align-center elementor-widget elementor-widget-button\" data-id=\"d15dfc4\" data-element_type=\"widget\" data-e-type=\"widget\" data-widget_type=\"button.default\">\n\t\t\t\t\t\t\t\t\t\t<a class=\"elementor-button elementor-button-link elementor-size-sm\" href=\"https:\/\/gopst.io\/en\/demo\/\">\n\t\t\t\t\t\t<span class=\"elementor-button-content-wrapper\">\n\t\t\t\t\t\t\t\t\t<span class=\"elementor-button-text\">Learn more<\/span>\n\t\t\t\t\t<\/span>\n\t\t\t\t\t<\/a>\n\t\t\t\t\t\t\t\t<\/div>\n\t\t\t\t\t<\/div>\n\t\t<\/div>\n\t\t\t\t\t<\/div>\n\t\t<\/section>\n\t\t\t\t<section class=\"elementor-section elementor-top-section elementor-element elementor-element-9090fd5 elementor-section-boxed elementor-section-height-default elementor-section-height-default\" data-id=\"9090fd5\" data-element_type=\"section\" data-e-type=\"section\" data-settings=\"{&quot;jet_parallax_layout_list&quot;:[],&quot;background_background&quot;:&quot;classic&quot;}\">\n\t\t\t\t\t\t<div class=\"elementor-container elementor-column-gap-default\">\n\t\t\t\t\t<div class=\"elementor-column elementor-col-50 elementor-top-column elementor-element elementor-element-135b5ae\" data-id=\"135b5ae\" data-element_type=\"column\" data-e-type=\"column\">\n\t\t\t<div class=\"elementor-widget-wrap elementor-element-populated\">\n\t\t\t\t\t\t<div class=\"elementor-element elementor-element-c4def0d elementor-widget elementor-widget-text-editor\" data-id=\"c4def0d\" data-element_type=\"widget\" data-e-type=\"widget\" data-widget_type=\"text-editor.default\">\n\t\t\t\t\t\t\t\t\t<p>Schedule more meetings on autopilot<\/p>\t\t\t\t\t\t\t\t<\/div>\n\t\t\t\t<div class=\"elementor-element elementor-element-d59dafc elementor-widget elementor-widget-text-editor\" data-id=\"d59dafc\" data-element_type=\"widget\" data-e-type=\"widget\" data-widget_type=\"text-editor.default\">\n\t\t\t\t\t\t\t\t\t<p>Increase your response rate and effortlessly book more meetings. With GOP, simply configure your sequence, let AI do the work\u2026 and focus on real selling.<\/p>\t\t\t\t\t\t\t\t<\/div>\n\t\t\t\t\t<\/div>\n\t\t<\/div>\n\t\t\t\t<div class=\"elementor-column elementor-col-50 elementor-top-column elementor-element elementor-element-031797e\" data-id=\"031797e\" data-element_type=\"column\" data-e-type=\"column\">\n\t\t\t<div class=\"elementor-widget-wrap elementor-element-populated\">\n\t\t\t\t\t\t<div class=\"elementor-element elementor-element-0a18443 elementor-widget elementor-widget-image\" data-id=\"0a18443\" data-element_type=\"widget\" data-e-type=\"widget\" data-widget_type=\"image.default\">\n\t\t\t\t\t\t\t\t\t\t\t\t\t\t\t<img loading=\"lazy\" decoding=\"async\" width=\"1767\" height=\"1260\" src=\"https:\/\/gopst.io\/wp-content\/uploads\/2026\/01\/5.png\" class=\"attachment-full size-full wp-image-1564\" alt=\"\" srcset=\"https:\/\/gopst.io\/wp-content\/uploads\/2026\/01\/5.png 1767w, https:\/\/gopst.io\/wp-content\/uploads\/2026\/01\/5-300x214.png 300w, https:\/\/gopst.io\/wp-content\/uploads\/2026\/01\/5-1024x730.png 1024w, https:\/\/gopst.io\/wp-content\/uploads\/2026\/01\/5-768x548.png 768w, https:\/\/gopst.io\/wp-content\/uploads\/2026\/01\/5-1536x1095.png 1536w\" sizes=\"(max-width: 1767px) 100vw, 1767px\" \/>\t\t\t\t\t\t\t\t\t\t\t\t\t\t\t<\/div>\n\t\t\t\t\t<\/div>\n\t\t<\/div>\n\t\t\t\t\t<\/div>\n\t\t<\/section>\n\t\t\t\t<section class=\"elementor-section elementor-top-section elementor-element elementor-element-88a8361 elementor-section-full_width elementor-section-height-default elementor-section-height-default\" data-id=\"88a8361\" data-element_type=\"section\" data-e-type=\"section\" data-settings=\"{&quot;jet_parallax_layout_list&quot;:[],&quot;background_background&quot;:&quot;classic&quot;}\">\n\t\t\t\t\t\t<div class=\"elementor-container elementor-column-gap-default\">\n\t\t\t\t\t<div class=\"elementor-column elementor-col-100 elementor-top-column elementor-element elementor-element-4b20bd4\" data-id=\"4b20bd4\" data-element_type=\"column\" data-e-type=\"column\">\n\t\t\t<div class=\"elementor-widget-wrap elementor-element-populated\">\n\t\t\t\t\t\t<div class=\"elementor-element elementor-element-a41b2e4 elementor-widget elementor-widget-text-editor\" data-id=\"a41b2e4\" data-element_type=\"widget\" data-e-type=\"widget\" data-widget_type=\"text-editor.default\">\n\t\t\t\t\t\t\t\t\t<p>Sell more with Rewrite with AI<\/p>\t\t\t\t\t\t\t\t<\/div>\n\t\t\t\t<div class=\"elementor-element elementor-element-f2337ec elementor-widget elementor-widget-text-editor\" data-id=\"f2337ec\" data-element_type=\"widget\" data-e-type=\"widget\" data-widget_type=\"text-editor.default\">\n\t\t\t\t\t\t\t\t\t<p data-pm-slice=\"0 0 []\">R\u00e9servez votre d\u00e9mo et d\u00e9couvrez comment GOP peut booster vos ventes.<br data-start=\"244\" data-end=\"247\">Sans engagement mais vous allez adorer.<\/p>\t\t\t\t\t\t\t\t<\/div>\n\t\t\t\t<section class=\"elementor-section elementor-inner-section elementor-element elementor-element-f8bb182 elementor-section-boxed elementor-section-height-default elementor-section-height-default\" data-id=\"f8bb182\" data-element_type=\"section\" data-e-type=\"section\" data-settings=\"{&quot;jet_parallax_layout_list&quot;:[]}\">\n\t\t\t\t\t\t<div class=\"elementor-container elementor-column-gap-default\">\n\t\t\t\t\t<div class=\"elementor-column elementor-col-100 elementor-inner-column elementor-element elementor-element-ecf9fdd\" data-id=\"ecf9fdd\" data-element_type=\"column\" data-e-type=\"column\">\n\t\t\t<div class=\"elementor-widget-wrap elementor-element-populated\">\n\t\t\t\t\t\t<div class=\"elementor-element elementor-element-1272654 elementor-widget__width-inherit elementor-button-align-stretch elementor-widget elementor-widget-form\" data-id=\"1272654\" data-element_type=\"widget\" data-e-type=\"widget\" data-settings=\"{&quot;button_width&quot;:&quot;33&quot;,&quot;step_next_label&quot;:&quot;Next&quot;,&quot;step_previous_label&quot;:&quot;Previous&quot;,&quot;step_type&quot;:&quot;number_text&quot;,&quot;step_icon_shape&quot;:&quot;circle&quot;}\" data-widget_type=\"form.default\">\n\t\t\t\t\t\t\t<form class=\"elementor-form\" method=\"post\" name=\"New Form\" aria-label=\"New Form\">\n\t\t\t<input type=\"hidden\" name=\"post_id\" value=\"1642\"\/>\n\t\t\t<input type=\"hidden\" name=\"form_id\" value=\"1272654\"\/>\n\t\t\t<input type=\"hidden\" name=\"referer_title\" value=\"Rewrite with AI\" \/>\n\n\t\t\t\t\t\t\t<input type=\"hidden\" name=\"queried_id\" value=\"1642\"\/>\n\t\t\t\n\t\t\t<div class=\"elementor-form-fields-wrapper elementor-labels-\">\n\t\t\t\t\t\t\t\t<div class=\"elementor-field-type-email elementor-field-group elementor-column elementor-field-group-email elementor-col-66 elementor-field-required\">\n\t\t\t\t\t\t\t\t\t\t\t\t<label for=\"form-field-email\" class=\"elementor-field-label elementor-screen-only\">\n\t\t\t\t\t\t\t\tEmail\t\t\t\t\t\t\t<\/label>\n\t\t\t\t\t\t\t\t\t\t\t\t\t\t<input size=\"1\" type=\"email\" name=\"form_fields[email]\" id=\"form-field-email\" class=\"elementor-field elementor-size-md  elementor-field-textual\" placeholder=\"E-mail\" required=\"required\">\n\t\t\t\t\t\t\t\t\t\t\t<\/div>\n\t\t\t\t\t\t\t\t<div class=\"elementor-field-group elementor-column elementor-field-type-submit elementor-col-33 e-form__buttons\">\n\t\t\t\t\t<button class=\"elementor-button elementor-size-md\" type=\"submit\">\n\t\t\t\t\t\t<span class=\"elementor-button-content-wrapper\">\n\t\t\t\t\t\t\t\t\t\t\t\t\t\t\t\t\t\t\t\t\t\t<span class=\"elementor-button-text\">Get started<\/span>\n\t\t\t\t\t\t\t\t\t\t\t\t\t<\/span>\n\t\t\t\t\t<\/button>\n\t\t\t\t<\/div>\n\t\t\t<\/div>\n\t\t<\/form>\n\t\t\t\t\t\t<\/div>\n\t\t\t\t\t<\/div>\n\t\t<\/div>\n\t\t\t\t\t<\/div>\n\t\t<\/section>\n\t\t\t\t<div class=\"elementor-element elementor-element-4564c03 elementor-widget elementor-widget-image\" data-id=\"4564c03\" data-element_type=\"widget\" data-e-type=\"widget\" data-widget_type=\"image.default\">\n\t\t\t\t\t\t\t\t\t\t\t\t\t\t\t<img loading=\"lazy\" decoding=\"async\" width=\"2560\" height=\"490\" src=\"https:\/\/gopst.io\/wp-content\/uploads\/2026\/01\/Sequences-1-scaled.png\" class=\"attachment-full size-full wp-image-1559\" alt=\"\" srcset=\"https:\/\/gopst.io\/wp-content\/uploads\/2026\/01\/Sequences-1-scaled.png 2560w, https:\/\/gopst.io\/wp-content\/uploads\/2026\/01\/Sequences-1-300x57.png 300w, https:\/\/gopst.io\/wp-content\/uploads\/2026\/01\/Sequences-1-1024x196.png 1024w, https:\/\/gopst.io\/wp-content\/uploads\/2026\/01\/Sequences-1-768x147.png 768w, https:\/\/gopst.io\/wp-content\/uploads\/2026\/01\/Sequences-1-1536x294.png 1536w, https:\/\/gopst.io\/wp-content\/uploads\/2026\/01\/Sequences-1-2048x392.png 2048w\" sizes=\"(max-width: 2560px) 100vw, 2560px\" \/>\t\t\t\t\t\t\t\t\t\t\t\t\t\t\t<\/div>\n\t\t\t\t\t<\/div>\n\t\t<\/div>\n\t\t\t\t\t<\/div>\n\t\t<\/section>\n\t\t\t\t<\/div>\n\t\t","protected":false},"excerpt":{"rendered":"<p>Prospecting personalized at scale The AI-powered sales orchestration platform for B2B sales teams Transform your sales strategy with GOP! Create multichannel sequences with AI Choose your goals, target, and channels: GOP handles the rest. Launch high-performing campaigns in minutes, not hours. Learn more Select insights for personalization at scale GOP identifies all key information about [&hellip;]<\/p>\n","protected":false},"author":1,"featured_media":0,"parent":0,"menu_order":0,"comment_status":"closed","ping_status":"closed","template":"","meta":{"footnotes":""},"class_list":["post-1642","page","type-page","status-publish","hentry"],"_links":{"self":[{"href":"https:\/\/gopst.io\/en\/wp-json\/wp\/v2\/pages\/1642","targetHints":{"allow":["GET"]}}],"collection":[{"href":"https:\/\/gopst.io\/en\/wp-json\/wp\/v2\/pages"}],"about":[{"href":"https:\/\/gopst.io\/en\/wp-json\/wp\/v2\/types\/page"}],"author":[{"embeddable":true,"href":"https:\/\/gopst.io\/en\/wp-json\/wp\/v2\/users\/1"}],"replies":[{"embeddable":true,"href":"https:\/\/gopst.io\/en\/wp-json\/wp\/v2\/comments?post=1642"}],"version-history":[{"count":2,"href":"https:\/\/gopst.io\/en\/wp-json\/wp\/v2\/pages\/1642\/revisions"}],"predecessor-version":[{"id":1817,"href":"https:\/\/gopst.io\/en\/wp-json\/wp\/v2\/pages\/1642\/revisions\/1817"}],"wp:attachment":[{"href":"https:\/\/gopst.io\/en\/wp-json\/wp\/v2\/media?parent=1642"}],"curies":[{"name":"wp","href":"https:\/\/api.w.org\/{rel}","templated":true}]}}